{"id":1716,"date":"2020-11-05T12:05:37","date_gmt":"2020-11-05T12:05:37","guid":{"rendered":"https:\/\/hyggefoods.co\/?page_id=1716"},"modified":"2021-10-31T15:49:15","modified_gmt":"2021-10-31T15:49:15","slug":"hyggefoods-media","status":"publish","type":"page","link":"https:\/\/hyggefoods.co\/tr\/hyggefoods-media\/","title":{"rendered":"Medya"},"content":{"rendered":"<div class=\"banner has-hover\" id=\"banner-1804228764\">\n          <div class=\"banner-inner fill\">\n        <div class=\"banner-bg fill\" >\n            <div class=\"bg fill bg-fill\"><\/div>\n                                    \n                    <\/div><!-- bg-layers -->\n        <div class=\"banner-layers container\">\n            <div class=\"fill banner-link\"><\/div>            \n\n   <div id=\"text-box-1368216048\" class=\"text-box banner-layer x100 md-x100 lg-x100 y65 md-y65 lg-y65 res-text\">\n                                <div class=\"text dark\">\n              \n              <div class=\"text-inner text-center\">\n                  \n\n<div class=\"gap-element clearfix\" style=\"display:block; height:auto; padding-top:30px\"><\/div>\n\n<h1 style=\"text-align: center;\">Hyggefoods&#8217;<br \/><a href=\"https:\/\/hyggefoods.co\/tr\/hyggefoods-media\/\">Medya<\/a><\/h1>\n\t<div class=\"img has-hover x md-x lg-x y md-y lg-y\" id=\"image_814780762\">\n\t\t\t\t\t\t\t\t<div class=\"img-inner dark\" >\n\t\t\t<img width=\"800\" height=\"800\" src=\"https:\/\/i1.wp.com\/hyggefoods.co\/wp-content\/uploads\/2021\/10\/HYGGEFOODS.png?fit=800%2C800&amp;ssl=1\" class=\"attachment-large size-large\" alt=\"\" loading=\"lazy\" srcset=\"https:\/\/i1.wp.com\/hyggefoods.co\/wp-content\/uploads\/2021\/10\/HYGGEFOODS.png?w=900&amp;ssl=1 900w, https:\/\/i1.wp.com\/hyggefoods.co\/wp-content\/uploads\/2021\/10\/HYGGEFOODS.png?resize=400%2C400&amp;ssl=1 400w, https:\/\/i1.wp.com\/hyggefoods.co\/wp-content\/uploads\/2021\/10\/HYGGEFOODS.png?resize=800%2C800&amp;ssl=1 800w, https:\/\/i1.wp.com\/hyggefoods.co\/wp-content\/uploads\/2021\/10\/HYGGEFOODS.png?resize=280%2C280&amp;ssl=1 280w, https:\/\/i1.wp.com\/hyggefoods.co\/wp-content\/uploads\/2021\/10\/HYGGEFOODS.png?resize=768%2C768&amp;ssl=1 768w, https:\/\/i1.wp.com\/hyggefoods.co\/wp-content\/uploads\/2021\/10\/HYGGEFOODS.png?resize=12%2C12&amp;ssl=1 12w, https:\/\/i1.wp.com\/hyggefoods.co\/wp-content\/uploads\/2021\/10\/HYGGEFOODS.png?resize=517%2C517&amp;ssl=1 517w, https:\/\/i1.wp.com\/hyggefoods.co\/wp-content\/uploads\/2021\/10\/HYGGEFOODS.png?resize=100%2C100&amp;ssl=1 100w\" sizes=\"(max-width: 800px) 100vw, 800px\" \/>\t\t\t\t\t\t\n\t\t\t\t\t<\/div>\n\t\t\t\t\t\t\t\t\n<style scope=\"scope\">\n\n#image_814780762 {\n  width: 34%;\n}\n<\/style>\n\t<\/div>\n\t\n\n\n              <\/div>\n           <\/div><!-- text-box-inner -->\n                            \n<style scope=\"scope\">\n\n#text-box-1368216048 {\n  width: 60%;\n}\n#text-box-1368216048 .text {\n  font-size: 100%;\n}\n\n\n@media (min-width:550px) {\n\n  #text-box-1368216048 {\n    width: 61%;\n  }\n\n}\n<\/style>\n    <\/div><!-- text-box -->\n \n\n        <\/div><!-- .banner-layers -->\n      <\/div><!-- .banner-inner -->\n\n            \n<style scope=\"scope\">\n\n#banner-1804228764 {\n  padding-top: 50%;\n}\n#banner-1804228764 .bg.bg-loaded {\n  background-image: url(https:\/\/i0.wp.com\/hyggefoods.co\/wp-content\/uploads\/2020\/12\/7.png?fit=1020%2C310&ssl=1);\n}\n<\/style>\n  <\/div><!-- .banner -->\n\n\n\n  <div class=\"banner has-hover\" id=\"banner-1217577672\">\n          <div class=\"banner-inner fill\">\n        <div class=\"banner-bg fill\" >\n            <div class=\"bg fill bg-fill\"><\/div>\n                                    \n                    <\/div><!-- bg-layers -->\n        <div class=\"banner-layers container\">\n            <div class=\"fill banner-link\"><\/div>            \n\n   <div id=\"text-box-2060181967\" class=\"text-box banner-layer x50 md-x50 lg-x50 y100 md-y100 lg-y100 res-text\">\n                                <div class=\"text dark\">\n              \n              <div class=\"text-inner text-center\">\n                  \n\n<div class=\"video video-fit mb\" style=\"padding-top:56.25%;\"><iframe title=\"Tar\u0131m Bizim Gelece\u011fimiz Belgeseli\" frameborder=\"0\" width=\"1020\" height=\"573\" src=\"https:\/\/www.dailymotion.com\/embed\/video\/x7wk5ka\" allowfullscreen allow=\"autoplay\"><\/iframe><\/div>\n\n<div class=\"row\"  id=\"row-232083604\">\n\n<div class=\"col medium-4 small-12 large-4\"  ><div class=\"col-inner\"  >\n\n<div class=\"video video-fit mb box-shadow-2 box-shadow-2-hover\" style=\"padding-top:56.25%;\"><p><iframe title=\"Big Bang 2018? HYGGEFOODS?\" width=\"1020\" height=\"574\" src=\"https:\/\/www.youtube.com\/embed\/C3yXLp5GiP0?start=3&#038;feature=oembed\" frameborder=\"0\" allow=\"accelerometer; autoplay; clipboard-write; encrypted-media; gyroscope; picture-in-picture\" allowfullscreen><\/iframe><\/p>\n<\/div>\n\n\n<\/div><\/div>\n<div class=\"col medium-4 small-12 large-4\"  ><div class=\"col-inner\"  >\n\n<div class=\"video video-fit mb box-shadow-2 box-shadow-2-hover\" style=\"padding-top:56.25%;\"><p><iframe title=\"Hyggefoods Firma Kurucusu Emine Y\u0131lmaz - A Para Fikir Fabrikas\u0131 Program\u0131\" width=\"1020\" height=\"574\" src=\"https:\/\/www.youtube.com\/embed\/KgJWLUWni8E?feature=oembed\" frameborder=\"0\" allow=\"accelerometer; autoplay; clipboard-write; encrypted-media; gyroscope; picture-in-picture\" allowfullscreen><\/iframe><\/p>\n<\/div>\n\n\n<\/div><\/div>\n<div class=\"col medium-4 small-12 large-4\"  ><div class=\"col-inner\"  >\n\n<div class=\"video video-fit mb box-shadow-2 box-shadow-2-hover\" style=\"padding-top:56.25%;\"><p><iframe title=\"Bitkisel Havyar Hyggefisk | CNN T\u00dcRK TV | Hyggefoods G\u0131da Teknolojileri | Emine Y\u0131lmaz\" width=\"1020\" height=\"574\" src=\"https:\/\/www.youtube.com\/embed\/85tUtyhp-Sw?start=2&#038;feature=oembed\" frameborder=\"0\" allow=\"accelerometer; autoplay; clipboard-write; encrypted-media; gyroscope; picture-in-picture\" allowfullscreen><\/iframe><\/p>\n<\/div>\n\n\n<\/div><\/div>\n\n<\/div>\n<div class=\"row\"  id=\"row-1282762841\">\n\n<div class=\"col medium-4 small-12 large-4\"  ><div class=\"col-inner\"  >\n\n<div class=\"video video-fit mb box-shadow-2 box-shadow-2-hover\" style=\"padding-top:56.25%;\"><p><iframe title=\"Hyggefoods G\u0131da Teknolojileri l NTV | Y\u0131ld\u0131z Teknopark | Emine Y\u0131lmaz\" width=\"1020\" height=\"765\" src=\"https:\/\/www.youtube.com\/embed\/Z-OPyf9kJow?feature=oembed\" frameborder=\"0\" allow=\"accelerometer; autoplay; clipboard-write; encrypted-media; gyroscope; picture-in-picture\" allowfullscreen><\/iframe><\/p>\n<\/div>\n\n\n<\/div><\/div>\n<div class=\"col medium-4 small-12 large-4\"  ><div class=\"col-inner\"  >\n\n<div class=\"video video-fit mb box-shadow-2 box-shadow-2-hover\" style=\"padding-top:56.25%;\"><p><iframe title=\"Y\u0131ld\u0131z Prototip At\u00f6lyesi Giri\u015fimci Ba\u015far\u0131 Hikayleri | Emine Y\u0131lmaz | Hyggefoods G\u0131da Teknolojileri\" width=\"1020\" height=\"574\" src=\"https:\/\/www.youtube.com\/embed\/v_zBNgnRZXQ?start=4&#038;feature=oembed\" frameborder=\"0\" allow=\"accelerometer; autoplay; clipboard-write; encrypted-media; gyroscope; picture-in-picture\" allowfullscreen><\/iframe><\/p>\n<\/div>\n\n\n<\/div><\/div>\n<div class=\"col medium-4 small-12 large-4\"  ><div class=\"col-inner\"  >\n\n<div class=\"video video-fit mb box-shadow-2 box-shadow-2-hover\" style=\"padding-top:56.25%;\"><p><iframe title=\"BigBang Etkisi | Hyggefoods G\u0131da Teknolojileri | Emine Y\u0131lmaz\" width=\"1020\" height=\"574\" src=\"https:\/\/www.youtube.com\/embed\/lXK8bU0VrtU?feature=oembed\" frameborder=\"0\" allow=\"accelerometer; autoplay; clipboard-write; encrypted-media; gyroscope; picture-in-picture\" allowfullscreen><\/iframe><\/p>\n<\/div>\n\n\n<\/div><\/div>\n\n<\/div>\n\n              <\/div>\n           <\/div><!-- text-box-inner -->\n                            \n<style scope=\"scope\">\n\n#text-box-2060181967 {\n  width: 97%;\n}\n#text-box-2060181967 .text {\n  font-size: 100%;\n}\n<\/style>\n    <\/div><!-- text-box -->\n \n   <div id=\"text-box-414800033\" class=\"text-box banner-layer x50 md-x50 lg-x50 y0 md-y0 lg-y0 res-text\">\n                     <div data-animate=\"fadeInUp\">           <div class=\"text dark\">\n              \n              <div class=\"text-inner text-center\">\n                  \n\n<h4 style=\"text-align: center;\"><a href=\"https:\/\/www.youtube.com\/channel\/UCzzCGvDsG1aXBClUU2AL-tQ\"><span style=\"font-size: 130%;\"><strong>Our Videos<\/strong><\/span><\/a><\/h4>\n\n              <\/div>\n           <\/div><!-- text-box-inner -->\n       <\/div>                     \n<style scope=\"scope\">\n\n#text-box-414800033 {\n  width: 60%;\n}\n#text-box-414800033 .text {\n  font-size: 100%;\n}\n<\/style>\n    <\/div><!-- text-box -->\n \n\n        <\/div><!-- .banner-layers -->\n      <\/div><!-- .banner-inner -->\n\n            \n<style scope=\"scope\">\n\n#banner-1217577672 {\n  padding-top: 1300px;\n}\n#banner-1217577672 .bg.bg-loaded {\n  background-image: url(https:\/\/i0.wp.com\/hyggefoods.co\/wp-content\/uploads\/2020\/12\/Adsiz-tasarim-2.png?fit=1020%2C340&ssl=1);\n}\n<\/style>\n  <\/div><!-- .banner -->\n\n\n\t<div class=\"img has-hover x md-x lg-x y md-y lg-y\" id=\"image_1564270359\">\n\t\t\t\t\t\t\t\t<div class=\"img-inner dark\" >\n\t\t\t<img width=\"1020\" height=\"680\" src=\"https:\/\/i2.wp.com\/hyggefoods.co\/wp-content\/uploads\/2020\/12\/1.png?fit=1020%2C680&amp;ssl=1\" class=\"attachment-large size-large\" alt=\"\" loading=\"lazy\" srcset=\"https:\/\/i2.wp.com\/hyggefoods.co\/wp-content\/uploads\/2020\/12\/1.png?w=1800&amp;ssl=1 1800w, https:\/\/i2.wp.com\/hyggefoods.co\/wp-content\/uploads\/2020\/12\/1.png?resize=600%2C400&amp;ssl=1 600w, https:\/\/i2.wp.com\/hyggefoods.co\/wp-content\/uploads\/2020\/12\/1.png?resize=1200%2C800&amp;ssl=1 1200w, https:\/\/i2.wp.com\/hyggefoods.co\/wp-content\/uploads\/2020\/12\/1.png?resize=768%2C512&amp;ssl=1 768w, https:\/\/i2.wp.com\/hyggefoods.co\/wp-content\/uploads\/2020\/12\/1.png?resize=1536%2C1024&amp;ssl=1 1536w, https:\/\/i2.wp.com\/hyggefoods.co\/wp-content\/uploads\/2020\/12\/1.png?resize=16%2C12&amp;ssl=1 16w, https:\/\/i2.wp.com\/hyggefoods.co\/wp-content\/uploads\/2020\/12\/1.png?resize=517%2C345&amp;ssl=1 517w\" sizes=\"(max-width: 1020px) 100vw, 1020px\" \/>\t\t\t\t\t\t\n\t\t\t\t\t<\/div>\n\t\t\t\t\t\t\t\t\n<style scope=\"scope\">\n\n#image_1564270359 {\n  width: 100%;\n}\n<\/style>\n\t<\/div>\n\t\n\n\t<div class=\"img has-hover x md-x lg-x y md-y lg-y\" id=\"image_1067067090\">\n\t\t\t\t\t\t\t\t<div class=\"img-inner dark\" >\n\t\t\t<img width=\"1020\" height=\"680\" src=\"https:\/\/i0.wp.com\/hyggefoods.co\/wp-content\/uploads\/2020\/12\/2-1.png?fit=1020%2C680&amp;ssl=1\" class=\"attachment-large size-large\" alt=\"\" loading=\"lazy\" srcset=\"https:\/\/i0.wp.com\/hyggefoods.co\/wp-content\/uploads\/2020\/12\/2-1.png?w=1800&amp;ssl=1 1800w, https:\/\/i0.wp.com\/hyggefoods.co\/wp-content\/uploads\/2020\/12\/2-1.png?resize=600%2C400&amp;ssl=1 600w, https:\/\/i0.wp.com\/hyggefoods.co\/wp-content\/uploads\/2020\/12\/2-1.png?resize=1200%2C800&amp;ssl=1 1200w, https:\/\/i0.wp.com\/hyggefoods.co\/wp-content\/uploads\/2020\/12\/2-1.png?resize=768%2C512&amp;ssl=1 768w, https:\/\/i0.wp.com\/hyggefoods.co\/wp-content\/uploads\/2020\/12\/2-1.png?resize=1536%2C1024&amp;ssl=1 1536w, https:\/\/i0.wp.com\/hyggefoods.co\/wp-content\/uploads\/2020\/12\/2-1.png?resize=16%2C12&amp;ssl=1 16w, https:\/\/i0.wp.com\/hyggefoods.co\/wp-content\/uploads\/2020\/12\/2-1.png?resize=517%2C345&amp;ssl=1 517w\" sizes=\"(max-width: 1020px) 100vw, 1020px\" \/>\t\t\t\t\t\t\n\t\t\t\t\t<\/div>\n\t\t\t\t\t\t\t\t\n<style scope=\"scope\">\n\n#image_1067067090 {\n  width: 100%;\n}\n<\/style>\n\t<\/div>\n\t\n\n\t<section class=\"section\" id=\"section_1616324488\">\n\t\t<div class=\"bg section-bg fill bg-fill  bg-loaded\" >\n\n\t\t\t\n\t\t\t\n\t\t\t\n\n\t\t<\/div><!-- .section-bg -->\n\n\t\t<div class=\"section-content relative\">\n\t\t\t\n\n<div class=\"row align-middle\"  id=\"row-1219880003\">\n\n<div class=\"col medium-6 small-12 large-6\"  ><div class=\"col-inner\"  >\n\n\t<div class=\"img has-hover x md-x lg-x y md-y lg-y\" id=\"image_1177088580\">\n\t\t\t\t\t\t\t\t<div class=\"img-inner dark\" >\n\t\t\t<img width=\"800\" height=\"800\" src=\"https:\/\/i1.wp.com\/hyggefoods.co\/wp-content\/uploads\/2021\/10\/HYGGEFOODS.png?fit=800%2C800&amp;ssl=1\" class=\"attachment-large size-large\" alt=\"\" loading=\"lazy\" srcset=\"https:\/\/i1.wp.com\/hyggefoods.co\/wp-content\/uploads\/2021\/10\/HYGGEFOODS.png?w=900&amp;ssl=1 900w, https:\/\/i1.wp.com\/hyggefoods.co\/wp-content\/uploads\/2021\/10\/HYGGEFOODS.png?resize=400%2C400&amp;ssl=1 400w, https:\/\/i1.wp.com\/hyggefoods.co\/wp-content\/uploads\/2021\/10\/HYGGEFOODS.png?resize=800%2C800&amp;ssl=1 800w, https:\/\/i1.wp.com\/hyggefoods.co\/wp-content\/uploads\/2021\/10\/HYGGEFOODS.png?resize=280%2C280&amp;ssl=1 280w, https:\/\/i1.wp.com\/hyggefoods.co\/wp-content\/uploads\/2021\/10\/HYGGEFOODS.png?resize=768%2C768&amp;ssl=1 768w, https:\/\/i1.wp.com\/hyggefoods.co\/wp-content\/uploads\/2021\/10\/HYGGEFOODS.png?resize=12%2C12&amp;ssl=1 12w, https:\/\/i1.wp.com\/hyggefoods.co\/wp-content\/uploads\/2021\/10\/HYGGEFOODS.png?resize=517%2C517&amp;ssl=1 517w, https:\/\/i1.wp.com\/hyggefoods.co\/wp-content\/uploads\/2021\/10\/HYGGEFOODS.png?resize=100%2C100&amp;ssl=1 100w\" sizes=\"(max-width: 800px) 100vw, 800px\" \/>\t\t\t\t\t\t\n\t\t\t\t\t<\/div>\n\t\t\t\t\t\t\t\t\n<style scope=\"scope\">\n\n#image_1177088580 {\n  width: 100%;\n}\n<\/style>\n\t<\/div>\n\t\n\n\n<\/div><\/div>\n<div class=\"col medium-6 small-12 large-6\"  ><div class=\"col-inner\"  >\n\n\t<div class=\"img has-hover x md-x lg-x y md-y lg-y\" id=\"image_1119166598\">\n\t\t\t\t\t\t\t\t<div class=\"img-inner dark\" >\n\t\t\t<img width=\"629\" height=\"486\" src=\"https:\/\/i2.wp.com\/hyggefoods.co\/wp-content\/uploads\/2021\/10\/Ekran-Resmi-2021-10-15-08.16.28.png?fit=629%2C486&amp;ssl=1\" class=\"attachment-large size-large\" alt=\"\" loading=\"lazy\" srcset=\"https:\/\/i2.wp.com\/hyggefoods.co\/wp-content\/uploads\/2021\/10\/Ekran-Resmi-2021-10-15-08.16.28.png?w=629&amp;ssl=1 629w, https:\/\/i2.wp.com\/hyggefoods.co\/wp-content\/uploads\/2021\/10\/Ekran-Resmi-2021-10-15-08.16.28.png?resize=518%2C400&amp;ssl=1 518w, https:\/\/i2.wp.com\/hyggefoods.co\/wp-content\/uploads\/2021\/10\/Ekran-Resmi-2021-10-15-08.16.28.png?resize=16%2C12&amp;ssl=1 16w, https:\/\/i2.wp.com\/hyggefoods.co\/wp-content\/uploads\/2021\/10\/Ekran-Resmi-2021-10-15-08.16.28.png?resize=517%2C399&amp;ssl=1 517w\" sizes=\"(max-width: 629px) 100vw, 629px\" \/>\t\t\t\t\t\t\n\t\t\t\t\t<\/div>\n\t\t\t\t\t\t\t\t\n<style scope=\"scope\">\n\n#image_1119166598 {\n  width: 100%;\n}\n<\/style>\n\t<\/div>\n\t\n\n\n<\/div><\/div>\n\n\n<style scope=\"scope\">\n\n<\/style>\n<\/div>\n\n\t\t<\/div><!-- .section-content -->\n\n\t\t\n<style scope=\"scope\">\n\n#section_1616324488 {\n  padding-top: 30px;\n  padding-bottom: 30px;\n}\n<\/style>\n\t<\/section>","protected":false},"excerpt":{"rendered":"","protected":false},"author":3,"featured_media":0,"parent":0,"menu_order":0,"comment_status":"closed","ping_status":"closed","template":"page-blank.php","meta":{"spay_email":""},"yoast_head":"<!-- This site is optimized with the Yoast SEO plugin v15.5 - https:\/\/yoast.com\/wordpress\/plugins\/seo\/ -->\n<title>Media - HYGGEFOODS<\/title>\n<meta name=\"description\" content=\"In particular, Hyggefoods wanted to make the global food system sustainable. For news, photos, videos, and other info visit our media.\" \/>\n<meta name=\"robots\" content=\"index, follow, max-snippet:-1, max-image-preview:large, max-video-preview:-1\" \/>\n<link rel=\"canonical\" href=\"https:\/\/hyggefoods.co\/tr\/hyggefoods-media\/\" \/>\n<meta property=\"og:locale\" content=\"tr_TR\" \/>\n<meta property=\"og:type\" content=\"article\" \/>\n<meta property=\"og:title\" content=\"Media - HYGGEFOODS\" \/>\n<meta property=\"og:description\" content=\"In particular, Hyggefoods wanted to make the global food system sustainable. For news, photos, videos, and other info visit our media.\" \/>\n<meta property=\"og:url\" content=\"https:\/\/hyggefoods.co\/tr\/hyggefoods-media\/\" \/>\n<meta property=\"og:site_name\" content=\"HYGGEFOODS\" \/>\n<meta property=\"article:modified_time\" content=\"2021-10-31T15:49:15+00:00\" \/>\n<meta name=\"twitter:card\" content=\"summary_large_image\" \/>\n<meta name=\"twitter:label1\" content=\"Tahmini okuma s\u00fcresi\">\n\t<meta name=\"twitter:data1\" content=\"1 dakika\">\n<script type=\"application\/ld+json\" class=\"yoast-schema-graph\">{\"@context\":\"https:\/\/schema.org\",\"@graph\":[{\"@type\":\"Organization\",\"@id\":\"https:\/\/hyggefoods.co\/#organization\",\"name\":\"Hyggefoods\",\"url\":\"https:\/\/hyggefoods.co\/\",\"sameAs\":[],\"logo\":{\"@type\":\"ImageObject\",\"@id\":\"https:\/\/hyggefoods.co\/#logo\",\"inLanguage\":\"tr\",\"url\":\"https:\/\/i2.wp.com\/hyggefoods.co\/wp-content\/uploads\/2020\/10\/HYGGEFOODS_yeni9557-1.jpg?fit=591%2C591&ssl=1\",\"width\":591,\"height\":591,\"caption\":\"Hyggefoods\"},\"image\":{\"@id\":\"https:\/\/hyggefoods.co\/#logo\"}},{\"@type\":\"WebSite\",\"@id\":\"https:\/\/hyggefoods.co\/#website\",\"url\":\"https:\/\/hyggefoods.co\/\",\"name\":\"HYGGEFOODS\",\"description\":\"\",\"publisher\":{\"@id\":\"https:\/\/hyggefoods.co\/#organization\"},\"potentialAction\":[{\"@type\":\"SearchAction\",\"target\":\"https:\/\/hyggefoods.co\/?s={search_term_string}\",\"query-input\":\"required name=search_term_string\"}],\"inLanguage\":\"tr\"},{\"@type\":\"WebPage\",\"@id\":\"https:\/\/hyggefoods.co\/hyggefoods-media\/#webpage\",\"url\":\"https:\/\/hyggefoods.co\/hyggefoods-media\/\",\"name\":\"Media - HYGGEFOODS\",\"isPartOf\":{\"@id\":\"https:\/\/hyggefoods.co\/#website\"},\"datePublished\":\"2020-11-05T12:05:37+00:00\",\"dateModified\":\"2021-10-31T15:49:15+00:00\",\"description\":\"In particular, Hyggefoods wanted to make the global food system sustainable. For news, photos, videos, and other info visit our media.\",\"inLanguage\":\"tr\",\"potentialAction\":[{\"@type\":\"ReadAction\",\"target\":[\"https:\/\/hyggefoods.co\/hyggefoods-media\/\"]}]}]}<\/script>\n<!-- \/ Yoast SEO plugin. -->","_links":{"self":[{"href":"https:\/\/hyggefoods.co\/tr\/wp-json\/wp\/v2\/pages\/1716"}],"collection":[{"href":"https:\/\/hyggefoods.co\/tr\/wp-json\/wp\/v2\/pages"}],"about":[{"href":"https:\/\/hyggefoods.co\/tr\/wp-json\/wp\/v2\/types\/page"}],"author":[{"embeddable":true,"href":"https:\/\/hyggefoods.co\/tr\/wp-json\/wp\/v2\/users\/3"}],"replies":[{"embeddable":true,"href":"https:\/\/hyggefoods.co\/tr\/wp-json\/wp\/v2\/comments?post=1716"}],"version-history":[{"count":41,"href":"https:\/\/hyggefoods.co\/tr\/wp-json\/wp\/v2\/pages\/1716\/revisions"}],"predecessor-version":[{"id":3263,"href":"https:\/\/hyggefoods.co\/tr\/wp-json\/wp\/v2\/pages\/1716\/revisions\/3263"}],"wp:attachment":[{"href":"https:\/\/hyggefoods.co\/tr\/wp-json\/wp\/v2\/media?parent=1716"}],"curies":[{"name":"wp","href":"https:\/\/api.w.org\/{rel}","templated":true}]}}