{"id":249,"date":"2015-11-20T08:27:14","date_gmt":"2015-11-20T08:27:14","guid":{"rendered":"http:\/\/flatsome.dev\/?page_id=3257"},"modified":"2023-03-24T13:55:45","modified_gmt":"2023-03-24T13:55:45","slug":"hyggefoods-shop","status":"publish","type":"page","link":"https:\/\/hyggefoods.co\/tr\/hyggefoods-shop\/","title":{"rendered":"Ma\u011faza"},"content":{"rendered":"<div class=\"slider-wrapper relative\" id=\"slider-870656107\" >\n    <div class=\"slider slider-nav-circle slider-nav-large slider-nav-light slider-style-normal\"\n        data-flickity-options='{            \"cellAlign\": \"center\",            \"imagesLoaded\": true,            \"lazyLoad\": 1,            \"freeScroll\": false,            \"wrapAround\": true,            \"autoPlay\": 6000,            \"pauseAutoPlayOnHover\" : true,            \"prevNextButtons\": true,            \"contain\" : true,            \"adaptiveHeight\" : true,            \"dragThreshold\" : 10,            \"percentPosition\": true,            \"pageDots\": true,            \"rightToLeft\": false,            \"draggable\": true,            \"selectedAttraction\": 0.1,            \"parallax\" : 0,            \"friction\": 0.6        }'\n        >\n        \n\n\n  <div class=\"banner has-hover\" id=\"banner-2046756670\">\n          <div class=\"banner-inner fill\">\n        <div class=\"banner-bg fill\" >\n            <div class=\"bg fill bg-fill\"><\/div>\n                        <div class=\"overlay\"><\/div>            \n                    <\/div><!-- bg-layers -->\n        <div class=\"banner-layers container\">\n            <div class=\"fill banner-link\"><\/div>            \n\n   <div id=\"text-box-1364271856\" class=\"text-box banner-layer x30 md-x30 lg-x30 y5 md-y5 lg-y5 res-text\">\n                     <div data-animate=\"flipInY\">           <div class=\"text dark\">\n              \n              <div class=\"text-inner text-center\">\n                  \n\n<div class=\"is-divider divider clearfix\" style=\"margin-top:3px;margin-bottom:3px;\"><\/div><!-- .divider -->\n\n<h2 style=\"text-align: center;\">\u015fimdi <a href=\"https:\/\/hyggefisk.com\/\">al\u0131n<\/a> ve <a href=\"https:\/\/hyggefoods.co\/tr\/plant-based-products-shop\/\">de\u011fi\u015fimin bir par\u00e7as\u0131 olun.<\/a><\/h2>\n<div class=\"is-divider divider clearfix\" ><\/div><!-- .divider -->\n\n\n              <\/div>\n           <\/div><!-- text-box-inner -->\n       <\/div>                     \n<style scope=\"scope\">\n\n#text-box-1364271856 {\n  width: 100%;\n}\n#text-box-1364271856 .text {\n  font-size: 100%;\n}\n\n\n@media (min-width:550px) {\n\n  #text-box-1364271856 {\n    width: 20%;\n  }\n\n}\n<\/style>\n    <\/div><!-- text-box -->\n \n\n        <\/div><!-- .banner-layers -->\n      <\/div><!-- .banner-inner -->\n\n            \n<style scope=\"scope\">\n\n#banner-2046756670 {\n  padding-top: 32%;\n}\n#banner-2046756670 .bg.bg-loaded {\n  background-image: url(https:\/\/i2.wp.com\/hyggefoods.co\/wp-content\/uploads\/2020\/12\/Make-the-world-a-better-place-6.png?fit=1020%2C310&ssl=1);\n}\n#banner-2046756670 .overlay {\n  background-color: rgba(0, 0, 0, 0.02);\n}\n<\/style>\n  <\/div><!-- .banner -->\n\n\n\n     <\/div>\n\n     <div class=\"loading-spin dark large centered\"><\/div>\n\n     <style scope=\"scope\">\n             <\/style>\n<\/div><!-- .ux-slider-wrapper -->","protected":false},"excerpt":{"rendered":"","protected":false},"author":1,"featured_media":2592,"parent":0,"menu_order":9,"comment_status":"closed","ping_status":"closed","template":"page-blank.php","meta":{"spay_email":""},"yoast_head":"<!-- This site is optimized with the Yoast SEO plugin v15.5 - https:\/\/yoast.com\/wordpress\/plugins\/seo\/ -->\n<title>Shop - HYGGEFOODS Plant-Based Protein Technology<\/title>\n<meta name=\"description\" content=\"Online plant-based products shopping directly from Hyggefoods delivered to your doorstep. Our plant-based products shop consists of milk, cheese &amp; meat.\" \/>\n<meta name=\"robots\" content=\"index, follow, max-snippet:-1, max-image-preview:large, max-video-preview:-1\" \/>\n<link rel=\"canonical\" href=\"https:\/\/hyggefoods.co\/tr\/hyggefoods-shop\/\" \/>\n<meta property=\"og:locale\" content=\"tr_TR\" \/>\n<meta property=\"og:type\" content=\"article\" \/>\n<meta property=\"og:title\" content=\"Shop - HYGGEFOODS Plant-Based Protein Technology\" \/>\n<meta property=\"og:description\" content=\"Online plant-based products shopping directly from Hyggefoods delivered to your doorstep. Our plant-based products shop consists of milk, cheese &amp; meat.\" \/>\n<meta property=\"og:url\" content=\"https:\/\/hyggefoods.co\/tr\/hyggefoods-shop\/\" \/>\n<meta property=\"og:site_name\" content=\"HYGGEFOODS\" \/>\n<meta property=\"article:modified_time\" content=\"2023-03-24T13:55:45+00:00\" \/>\n<meta property=\"og:image\" content=\"https:\/\/i0.wp.com\/hyggefoods.co\/wp-content\/uploads\/2020\/12\/8-e1608280164404.png?fit=539%2C423&#038;ssl=1\" \/>\n\t<meta property=\"og:image:width\" content=\"539\" \/>\n\t<meta property=\"og:image:height\" content=\"423\" \/>\n<meta name=\"twitter:card\" content=\"summary_large_image\" \/>\n<meta name=\"twitter:label1\" content=\"Tahmini okuma s\u00fcresi\">\n\t<meta name=\"twitter:data1\" content=\"0 dakika\">\n<script type=\"application\/ld+json\" class=\"yoast-schema-graph\">{\"@context\":\"https:\/\/schema.org\",\"@graph\":[{\"@type\":\"Organization\",\"@id\":\"https:\/\/hyggefoods.co\/#organization\",\"name\":\"Hyggefoods\",\"url\":\"https:\/\/hyggefoods.co\/\",\"sameAs\":[],\"logo\":{\"@type\":\"ImageObject\",\"@id\":\"https:\/\/hyggefoods.co\/#logo\",\"inLanguage\":\"tr\",\"url\":\"https:\/\/i2.wp.com\/hyggefoods.co\/wp-content\/uploads\/2020\/10\/HYGGEFOODS_yeni9557-1.jpg?fit=591%2C591&ssl=1\",\"width\":591,\"height\":591,\"caption\":\"Hyggefoods\"},\"image\":{\"@id\":\"https:\/\/hyggefoods.co\/#logo\"}},{\"@type\":\"WebSite\",\"@id\":\"https:\/\/hyggefoods.co\/#website\",\"url\":\"https:\/\/hyggefoods.co\/\",\"name\":\"HYGGEFOODS\",\"description\":\"\",\"publisher\":{\"@id\":\"https:\/\/hyggefoods.co\/#organization\"},\"potentialAction\":[{\"@type\":\"SearchAction\",\"target\":\"https:\/\/hyggefoods.co\/?s={search_term_string}\",\"query-input\":\"required name=search_term_string\"}],\"inLanguage\":\"tr\"},{\"@type\":\"ImageObject\",\"@id\":\"https:\/\/hyggefoods.co\/hyggefoods-shop\/#primaryimage\",\"inLanguage\":\"tr\",\"url\":\"https:\/\/i0.wp.com\/hyggefoods.co\/wp-content\/uploads\/2020\/12\/8-e1608280164404.png?fit=539%2C423&ssl=1\",\"width\":539,\"height\":423,\"caption\":\"shop\"},{\"@type\":\"WebPage\",\"@id\":\"https:\/\/hyggefoods.co\/hyggefoods-shop\/#webpage\",\"url\":\"https:\/\/hyggefoods.co\/hyggefoods-shop\/\",\"name\":\"Shop - HYGGEFOODS Plant-Based Protein Technology\",\"isPartOf\":{\"@id\":\"https:\/\/hyggefoods.co\/#website\"},\"primaryImageOfPage\":{\"@id\":\"https:\/\/hyggefoods.co\/hyggefoods-shop\/#primaryimage\"},\"datePublished\":\"2015-11-20T08:27:14+00:00\",\"dateModified\":\"2023-03-24T13:55:45+00:00\",\"description\":\"Online plant-based products shopping directly from Hyggefoods delivered to your doorstep. Our plant-based products shop consists of milk, cheese & meat.\",\"inLanguage\":\"tr\",\"potentialAction\":[{\"@type\":\"ReadAction\",\"target\":[\"https:\/\/hyggefoods.co\/hyggefoods-shop\/\"]}]}]}<\/script>\n<!-- \/ Yoast SEO plugin. -->","_links":{"self":[{"href":"https:\/\/hyggefoods.co\/tr\/wp-json\/wp\/v2\/pages\/249"}],"collection":[{"href":"https:\/\/hyggefoods.co\/tr\/wp-json\/wp\/v2\/pages"}],"about":[{"href":"https:\/\/hyggefoods.co\/tr\/wp-json\/wp\/v2\/types\/page"}],"author":[{"embeddable":true,"href":"https:\/\/hyggefoods.co\/tr\/wp-json\/wp\/v2\/users\/1"}],"replies":[{"embeddable":true,"href":"https:\/\/hyggefoods.co\/tr\/wp-json\/wp\/v2\/comments?post=249"}],"version-history":[{"count":95,"href":"https:\/\/hyggefoods.co\/tr\/wp-json\/wp\/v2\/pages\/249\/revisions"}],"predecessor-version":[{"id":3302,"href":"https:\/\/hyggefoods.co\/tr\/wp-json\/wp\/v2\/pages\/249\/revisions\/3302"}],"wp:featuredmedia":[{"embeddable":true,"href":"https:\/\/hyggefoods.co\/tr\/wp-json\/wp\/v2\/media\/2592"}],"wp:attachment":[{"href":"https:\/\/hyggefoods.co\/tr\/wp-json\/wp\/v2\/media?parent=249"}],"curies":[{"name":"wp","href":"https:\/\/api.w.org\/{rel}","templated":true}]}}